{"id":13878,"date":"2021-08-28T15:09:07","date_gmt":"2021-08-28T13:09:07","guid":{"rendered":"https:\/\/chrislencou-reflexologie.com\/?page_id=13878"},"modified":"2025-08-30T14:59:03","modified_gmt":"2025-08-30T12:59:03","slug":"reflexogie-plantaire","status":"publish","type":"page","link":"https:\/\/chrislencou-reflexologie.com\/index.php\/reflexogie-plantaire\/","title":{"rendered":"R\u00e9flexogie plantaire"},"content":{"rendered":"<div id=\"cmsmasters_row_x22rmzov4\" class=\"cmsmasters_row cmsmasters_color_scheme_default cmsmasters_row_top_default cmsmasters_row_bot_default cmsmasters_row_boxed\">\n<div class=\"cmsmasters_row_outer_parent\">\n<div class=\"cmsmasters_row_outer\">\n<div class=\"cmsmasters_row_inner\">\n<div class=\"cmsmasters_row_margin\">\n<div id=\"cmsmasters_column_h1clpw3xj\" class=\"cmsmasters_column one_first\">\n<div class=\"cmsmasters_column_inner\"><div id=\"cmsmasters_heading_304p90vo2c\" class=\"cmsmasters_heading_wrap cmsmasters_heading_align_center\">\n\t<h1 class=\"cmsmasters_heading\">Tarif<\/h1>\n<\/div><div class=\"cmsmasters_wrap_table\"><table class=\"cmsmasters_table\"><caption><\/caption><tr><td class=\"cmsmasters_table_cell_aligncenter\">S\u00e9ance R\u00e9flexo plantaire \u00e0 Paris : 60 min<\/td><td class=\"cmsmasters_table_cell_aligncenter\">70 \u20ac<\/td><\/tr><\/table><\/div><div id=\"cmsmasters_button_klsr4szd0d\" class=\"button_wrap\"><a href=\"https:\/\/chrislencou-reflexologie.com\/index.php\/prendre-rdv-a-paris\/\" class=\"cmsmasters_button\"><span>R\u00e9server \u00e0 Paris<\/span><\/a><\/div>\n<div class=\"cmsmasters_wrap_table\"><table class=\"cmsmasters_table\"><caption><\/caption><tr><td class=\"cmsmasters_table_cell_aligncenter\">Carte Cadeau &#8211; R\u00e9flexologie plantaire : 60 min<\/td><td class=\"cmsmasters_table_cell_aligncenter\">70 \u20ac<\/td><\/tr><\/table><\/div><div id=\"cmsmasters_button_jxfeit5r0b\" class=\"button_wrap\"><a href=\"https:\/\/chrislencou-reflexologie.com\/index.php\/carte-cadeau\/\" class=\"cmsmasters_button\"><span>Commander<\/span><\/a><\/div>\n<div class=\"cmsmasters_text\">\n<div id=\"domicile\" style=\"text-align: center; margin-top: 40px;\">\n<p><strong>Annulation ou modification : Merci de pr\u00e9venir 72h \u00e0 l&rsquo;avance.<\/strong><br \/>\nLes s\u00e9ances de r\u00e9flexologie plantaire peuvent \u00eatre prises en charge selon les mutuelles.<br \/>\nConsultez votre organisme, pour obtenir l\u2019information.<\/p>\n<p><b>\u00a0R\u00e8glement par ch\u00e8que, esp\u00e8ces ou carte bancaire<\/b><\/p>\n<\/div>\n<\/div>\n<div id=\"cmsmasters_divider_m2wrxz3aag\" class=\"cmsmasters_divider cmsmasters_divider_width_long cmsmasters_divider_pos_center\"><\/div>\n<div class=\"cmsmasters_text\">\n<h2 id=\"seance\" style=\"text-align: center;\">La s\u00e9ance en cabinet<\/h2>\n<p style=\"text-align: center;\"><strong>Une s\u00e9ance de r\u00e9flexologie dure 1 heure (un peu plus pour la 1\u00e8re s\u00e9ance). <\/strong><br \/>\n<strong>La premi\u00e8re visite commence par un temps d&rsquo;\u00e9change pour mieux vous conna\u00eetre :<\/strong><br \/>\n<strong> vos attentes, vos ant\u00e9c\u00e9dents, vos troubles. <\/strong><\/p>\n<p style=\"text-align: center;\">Vous serez ensuite confortablement install\u00e9 (habill\u00e9) sur une table de massage, couvert d&rsquo;un plaid si besoin.<br \/>\nJ&rsquo;accompagne mes soins d&rsquo;huile d&rsquo;amande douce BIO.<br \/>\nLa s\u00e9ance d\u00e9butera par une prise de contact des pieds puis continuera avec des pressions sp\u00e9cifiques \u00e0 vos besoins.<br \/>\nCertaines zones peuvent \u00eatre sensibles. <strong>C\u2019est normal, c&rsquo;est le signe qu&rsquo;un r\u00e9\u00e9quilibrage est n\u00e9cessaire. <\/strong><br \/>\n<strong>Les pressions seront adapt\u00e9es \u00e0 votre ressenti. <\/strong><\/p>\n<p style=\"text-align: center;\"><strong>Soyez \u00e0 l&rsquo;\u00e9coute de votre corps et n&rsquo;h\u00e9sitez pas \u00e0 me faire part de vos ressentis.<\/strong><\/p>\n<\/div>\n<\/div><\/div>\n<\/div>\n<\/div>\n<\/div>\n<\/div>\n<\/div>\n<div id=\"cmsmasters_row_2s01qfpm7p\" class=\"cmsmasters_row cmsmasters_color_scheme_default cmsmasters_row_top_default cmsmasters_row_bot_default cmsmasters_row_boxed\">\n<div class=\"cmsmasters_row_outer_parent\">\n<div class=\"cmsmasters_row_outer\">\n<div class=\"cmsmasters_row_inner\">\n<div class=\"cmsmasters_row_margin\">\n<div id=\"cmsmasters_column_ml8icjo32\" class=\"cmsmasters_column one_first\">\n<div class=\"cmsmasters_column_inner\"><div class=\"cmsmasters_text\">\n<h3 style=\"text-align: center;\"><strong>Renseignements et conseils :<\/strong><\/h3>\n<\/div>\n<div id=\"cmsmasters_button_zjy4jtw1br\" class=\"button_wrap\"><a href=\"tel:+33695513216\" class=\"cmsmasters_button\"><span>06 95 51 32 16<\/span><\/a><\/div>\n<\/div><\/div>\n<\/div>\n<\/div>\n<\/div>\n<\/div>\n<\/div>\n<div id=\"cmsmasters_row_xmka2zhdir\" class=\"cmsmasters_row cmsmasters_color_scheme_default cmsmasters_row_top_default cmsmasters_row_bot_default cmsmasters_row_boxed\">\n<div class=\"cmsmasters_row_outer_parent\">\n<div class=\"cmsmasters_row_outer\">\n<div class=\"cmsmasters_row_inner\">\n<div class=\"cmsmasters_row_margin\">\n<div id=\"cmsmasters_column_3qv546ykr\" class=\"cmsmasters_column one_first\">\n<div class=\"cmsmasters_column_inner\"><div id=\"cmsmasters_button_p9gpmz17\" class=\"button_wrap\"><a href=\"mailto:christellelencou@gmail.com\" class=\"cmsmasters_button\"><span>christellelencou@gmail.com<\/span><\/a><\/div>\n<\/div><\/div>\n<\/div>\n<\/div>\n<\/div>\n<\/div>\n<\/div>\n<div id=\"cmsmasters_row_fplkmhjz7\" class=\"cmsmasters_row cmsmasters_color_scheme_default cmsmasters_row_top_default cmsmasters_row_bot_default cmsmasters_row_boxed\">\n<div class=\"cmsmasters_row_outer_parent\">\n<div class=\"cmsmasters_row_outer\">\n<div class=\"cmsmasters_row_inner\">\n<div class=\"cmsmasters_row_margin\">\n<div id=\"cmsmasters_column_9d3aitedrx\" class=\"cmsmasters_column one_first\">\n<div class=\"cmsmasters_column_inner\">\n<div id=\"cmsmasters_divider_i841s0gm6\" class=\"cmsmasters_divider cmsmasters_divider_width_long cmsmasters_divider_pos_center\"><\/div>\n<div class=\"aligncenter\"><div class=\"cmsmasters_img  cmsmasters_image_c\"><img src=\"https:\/\/chrislencou-reflexologie.com\/wp-content\/uploads\/2021\/08\/reflexologie-plantaire-1.jpg\" alt=\"r\u00e9flexologie plantaire\" \/><\/div><\/div>\n<\/div><\/div>\n<\/div>\n<\/div>\n<\/div>\n<\/div>\n<\/div>\n<div id=\"cmsmasters_row_euyahzdnfn\" class=\"cmsmasters_row cmsmasters_color_scheme_default cmsmasters_row_top_default cmsmasters_row_bot_default cmsmasters_row_boxed\">\n<div class=\"cmsmasters_row_outer_parent\">\n<div class=\"cmsmasters_row_outer\">\n<div class=\"cmsmasters_row_inner\">\n<div class=\"cmsmasters_row_margin\">\n<div id=\"cmsmasters_column_mzyu2uj8e9\" class=\"cmsmasters_column one_first\">\n<div class=\"cmsmasters_column_inner\"><div class=\"cmsmasters_text\">\n<h2 id=\"savoir\" style=\"text-align: center;\">Ce qu\u2019il faut savoir<\/h2>\n<p style=\"text-align: center;\"><strong>La r\u00e9flexologie plantaire est une discipline mill\u00e9naire consistant \u00e0 stimuler des points r\u00e9flexes situ\u00e9s au niveau des pieds.<\/strong><\/p>\n<\/div>\n<\/div><\/div>\n<\/div>\n<\/div>\n<\/div>\n<\/div>\n<\/div>\n<div id=\"cmsmasters_row_45x0iw9cq\" class=\"cmsmasters_row cmsmasters_color_scheme_default cmsmasters_row_top_default cmsmasters_row_bot_default cmsmasters_row_boxed\">\n<div class=\"cmsmasters_row_outer_parent\">\n<div class=\"cmsmasters_row_outer\">\n<div class=\"cmsmasters_row_inner\">\n<div class=\"cmsmasters_row_margin\">\n<div id=\"cmsmasters_column_0oy3062508\" class=\"cmsmasters_column one_first\">\n<div class=\"cmsmasters_column_inner\"><div class=\"cmsmasters_text\">\n<p style=\"text-align: center;\">La r\u00e9flexologie s\u2019adresse \u00e0 tous, de 0 \u00e0 99 ans : b\u00e9b\u00e9s, enfants, adolescents, hommes, femmes,<br \/>\npersonnes \u00e2g\u00e9es, personnes handicap\u00e9es, femmes enceintes<br \/>\n(de plus de 3 mois), sportifs&#8230;<\/p>\n<p style=\"text-align: center;\"><strong>La r\u00e9flexologie peut s\u2019appliquer \u00e0 toutes sortes de pathologies.<\/strong><\/p>\n<p style=\"text-align: center;\"><strong>Cependant, Il est d\u00e9conseill\u00e9 de recevoir une s\u00e9ance de r\u00e9flexologie plantaire dans certains cas :<\/strong><br \/>\nles femmes enceinte de moins de 3 mois (ou grossesse \u00e0 risque), probl\u00e8mes circulatoires(phl\u00e9bite, thrombose,..) ou cardiaques, forte fi\u00e8vre, ecz\u00e9ma ou mycose \u00e9tendu sur le pied,fracture ou entorse grave. Ces pr\u00e9cautions concernent aussi les personnes diab\u00e9tiques ou en traitement de chimioth\u00e9rapieou radioth\u00e9rapie.<\/p>\n<p style=\"text-align: center;\"><strong>La r\u00e9flexologie est une m\u00e9thode pr\u00e9ventive, ou d\u2019accompagnement \u00e0 la m\u00e9decine conventionnelle : le m\u00e9decin est le seul r\u00e9f\u00e9rent.<br \/>\nLa r\u00e9flexologie plantaire <\/strong><strong>ne se substitue pas \u00e0 un suivi m\u00e9dical et ne permet en aucun cas, d\u2019\u00e9tablir <\/strong><br \/>\n<strong>un diagnostic ou de modifier une prescription m\u00e9dicale.<\/strong><\/p>\n<\/div>\n<\/div><\/div>\n<\/div>\n<\/div>\n<\/div>\n<\/div>\n<\/div>\n<div id=\"cmsmasters_row_nj4zmmlmy\" class=\"cmsmasters_row cmsmasters_color_scheme_default cmsmasters_row_top_default cmsmasters_row_bot_default cmsmasters_row_boxed\">\n<div class=\"cmsmasters_row_outer_parent\">\n<div class=\"cmsmasters_row_outer\">\n<div class=\"cmsmasters_row_inner\">\n<div class=\"cmsmasters_row_margin\">\n<div id=\"cmsmasters_column_sbrfgvludg\" class=\"cmsmasters_column one_half\">\n<div class=\"cmsmasters_column_inner\"><div class=\"aligncenter\"><div class=\"cmsmasters_img  cmsmasters_image_c\"><img src=\"https:\/\/chrislencou-reflexologie.com\/wp-content\/uploads\/2021\/08\/reflexologie-anti-stress.jpg\" alt=\"r\u00e9flexologie anti stress\" \/><\/div><\/div>\n<\/div><\/div>\n<div id=\"cmsmasters_column_ayh5odeykq\" class=\"cmsmasters_column one_half\">\n<div class=\"cmsmasters_column_inner\"><div class=\"cmsmasters_text\">\n<p style=\"text-align: left;\"><strong>Au fil des s\u00e9ances,<\/strong><br \/>\n<strong>la r\u00e9flexologie plantaire :<\/strong><\/p>\n<p style=\"text-align: left;\">&#8211; Soulage les troubles li\u00e9s au stress (douleurs dorsales, troubles digestifs<br \/>\net circulatoires, insomnie, constipation&#8230;)<br \/>\n&#8211; Procure une d\u00e9tente profonde<br \/>\n&#8211; Am\u00e9liore la circulation sanguine et lymphatique,<br \/>\n&#8211; Harmonise les fonctions physiologiques<br \/>\n(respiratoires, circulatoires, digestives, r\u00e9nales, immunitaires et hormonales)<br \/>\n&#8211; Favorise l&rsquo;\u00e9limination des toxines<br \/>\n&#8211; R\u00e9tablit l\u2019\u00e9nergie vitale<\/p>\n<\/div>\n<\/div><\/div>\n<\/div>\n<\/div>\n<\/div>\n<\/div>\n<\/div>\n\n","protected":false},"excerpt":{"rendered":"","protected":false},"author":1,"featured_media":0,"parent":0,"menu_order":0,"comment_status":"closed","ping_status":"closed","template":"","meta":[],"yoast_head":"<!-- This site is optimized with the Yoast SEO plugin v17.1 - https:\/\/yoast.com\/wordpress\/plugins\/seo\/ -->\n<title>Tarifs des prestations en relaxation et r\u00e9flexologie plantaire<\/title>\n<meta name=\"description\" content=\"Les s\u00e9ances de r\u00e9flexologie plantaire peuvent \u00eatre prises en charge selon les mutuelles. Consultez votre organisme, pour obtenir l\u2019information\" \/>\n<meta name=\"robots\" content=\"index, follow, max-snippet:-1, max-image-preview:large, max-video-preview:-1\" \/>\n<link rel=\"canonical\" href=\"https:\/\/chrislencou-reflexologie.com\/index.php\/reflexogie-plantaire\/\" \/>\n<meta property=\"og:locale\" content=\"fr_FR\" \/>\n<meta property=\"og:type\" content=\"article\" \/>\n<meta property=\"og:title\" content=\"Tarifs des prestations en relaxation et r\u00e9flexologie plantaire\" \/>\n<meta property=\"og:description\" content=\"Les s\u00e9ances de r\u00e9flexologie plantaire peuvent \u00eatre prises en charge selon les mutuelles. Consultez votre organisme, pour obtenir l\u2019information\" \/>\n<meta property=\"og:url\" content=\"https:\/\/chrislencou-reflexologie.com\/index.php\/reflexogie-plantaire\/\" \/>\n<meta property=\"og:site_name\" content=\"R\u00e9flexologue\" \/>\n<meta property=\"article:modified_time\" content=\"2025-08-30T12:59:03+00:00\" \/>\n<meta name=\"twitter:card\" content=\"summary_large_image\" \/>\n<meta name=\"twitter:label1\" content=\"Dur\u00e9e de lecture est.\" \/>\n\t<meta name=\"twitter:data1\" content=\"4 minutes\" \/>\n<script type=\"application\/ld+json\" class=\"yoast-schema-graph\">{\"@context\":\"https:\/\/schema.org\",\"@graph\":[{\"@type\":\"WebSite\",\"@id\":\"https:\/\/chrislencou-reflexologie.com\/#website\",\"url\":\"https:\/\/chrislencou-reflexologie.com\/\",\"name\":\"R\\u00e9flexologue\",\"description\":\"Christelle Lencou\",\"potentialAction\":[{\"@type\":\"SearchAction\",\"target\":{\"@type\":\"EntryPoint\",\"urlTemplate\":\"https:\/\/chrislencou-reflexologie.com\/?s={search_term_string}\"},\"query-input\":\"required name=search_term_string\"}],\"inLanguage\":\"fr-FR\"},{\"@type\":\"WebPage\",\"@id\":\"https:\/\/chrislencou-reflexologie.com\/index.php\/reflexogie-plantaire\/#webpage\",\"url\":\"https:\/\/chrislencou-reflexologie.com\/index.php\/reflexogie-plantaire\/\",\"name\":\"Tarifs des prestations en relaxation et r\\u00e9flexologie plantaire\",\"isPartOf\":{\"@id\":\"https:\/\/chrislencou-reflexologie.com\/#website\"},\"datePublished\":\"2021-08-28T13:09:07+00:00\",\"dateModified\":\"2025-08-30T12:59:03+00:00\",\"description\":\"Les s\\u00e9ances de r\\u00e9flexologie plantaire peuvent \\u00eatre prises en charge selon les mutuelles. Consultez votre organisme, pour obtenir l\\u2019information\",\"breadcrumb\":{\"@id\":\"https:\/\/chrislencou-reflexologie.com\/index.php\/reflexogie-plantaire\/#breadcrumb\"},\"inLanguage\":\"fr-FR\",\"potentialAction\":[{\"@type\":\"ReadAction\",\"target\":[\"https:\/\/chrislencou-reflexologie.com\/index.php\/reflexogie-plantaire\/\"]}]},{\"@type\":\"BreadcrumbList\",\"@id\":\"https:\/\/chrislencou-reflexologie.com\/index.php\/reflexogie-plantaire\/#breadcrumb\",\"itemListElement\":[{\"@type\":\"ListItem\",\"position\":1,\"name\":\"Accueil\",\"item\":\"https:\/\/chrislencou-reflexologie.com\/\"},{\"@type\":\"ListItem\",\"position\":2,\"name\":\"R\\u00e9flexogie plantaire\"}]}]}<\/script>\n<!-- \/ Yoast SEO plugin. -->","yoast_head_json":{"title":"Tarifs des prestations en relaxation et r\u00e9flexologie plantaire","description":"Les s\u00e9ances de r\u00e9flexologie plantaire peuvent \u00eatre prises en charge selon les mutuelles. Consultez votre organisme, pour obtenir l\u2019information","robots":{"index":"index","follow":"follow","max-snippet":"max-snippet:-1","max-image-preview":"max-image-preview:large","max-video-preview":"max-video-preview:-1"},"canonical":"https:\/\/chrislencou-reflexologie.com\/index.php\/reflexogie-plantaire\/","og_locale":"fr_FR","og_type":"article","og_title":"Tarifs des prestations en relaxation et r\u00e9flexologie plantaire","og_description":"Les s\u00e9ances de r\u00e9flexologie plantaire peuvent \u00eatre prises en charge selon les mutuelles. Consultez votre organisme, pour obtenir l\u2019information","og_url":"https:\/\/chrislencou-reflexologie.com\/index.php\/reflexogie-plantaire\/","og_site_name":"R\u00e9flexologue","article_modified_time":"2025-08-30T12:59:03+00:00","twitter_card":"summary_large_image","twitter_misc":{"Dur\u00e9e de lecture est.":"4 minutes"},"schema":{"@context":"https:\/\/schema.org","@graph":[{"@type":"WebSite","@id":"https:\/\/chrislencou-reflexologie.com\/#website","url":"https:\/\/chrislencou-reflexologie.com\/","name":"R\u00e9flexologue","description":"Christelle Lencou","potentialAction":[{"@type":"SearchAction","target":{"@type":"EntryPoint","urlTemplate":"https:\/\/chrislencou-reflexologie.com\/?s={search_term_string}"},"query-input":"required name=search_term_string"}],"inLanguage":"fr-FR"},{"@type":"WebPage","@id":"https:\/\/chrislencou-reflexologie.com\/index.php\/reflexogie-plantaire\/#webpage","url":"https:\/\/chrislencou-reflexologie.com\/index.php\/reflexogie-plantaire\/","name":"Tarifs des prestations en relaxation et r\u00e9flexologie plantaire","isPartOf":{"@id":"https:\/\/chrislencou-reflexologie.com\/#website"},"datePublished":"2021-08-28T13:09:07+00:00","dateModified":"2025-08-30T12:59:03+00:00","description":"Les s\u00e9ances de r\u00e9flexologie plantaire peuvent \u00eatre prises en charge selon les mutuelles. Consultez votre organisme, pour obtenir l\u2019information","breadcrumb":{"@id":"https:\/\/chrislencou-reflexologie.com\/index.php\/reflexogie-plantaire\/#breadcrumb"},"inLanguage":"fr-FR","potentialAction":[{"@type":"ReadAction","target":["https:\/\/chrislencou-reflexologie.com\/index.php\/reflexogie-plantaire\/"]}]},{"@type":"BreadcrumbList","@id":"https:\/\/chrislencou-reflexologie.com\/index.php\/reflexogie-plantaire\/#breadcrumb","itemListElement":[{"@type":"ListItem","position":1,"name":"Accueil","item":"https:\/\/chrislencou-reflexologie.com\/"},{"@type":"ListItem","position":2,"name":"R\u00e9flexogie plantaire"}]}]}},"_links":{"self":[{"href":"https:\/\/chrislencou-reflexologie.com\/index.php\/wp-json\/wp\/v2\/pages\/13878"}],"collection":[{"href":"https:\/\/chrislencou-reflexologie.com\/index.php\/wp-json\/wp\/v2\/pages"}],"about":[{"href":"https:\/\/chrislencou-reflexologie.com\/index.php\/wp-json\/wp\/v2\/types\/page"}],"author":[{"embeddable":true,"href":"https:\/\/chrislencou-reflexologie.com\/index.php\/wp-json\/wp\/v2\/users\/1"}],"replies":[{"embeddable":true,"href":"https:\/\/chrislencou-reflexologie.com\/index.php\/wp-json\/wp\/v2\/comments?post=13878"}],"version-history":[{"count":98,"href":"https:\/\/chrislencou-reflexologie.com\/index.php\/wp-json\/wp\/v2\/pages\/13878\/revisions"}],"predecessor-version":[{"id":14868,"href":"https:\/\/chrislencou-reflexologie.com\/index.php\/wp-json\/wp\/v2\/pages\/13878\/revisions\/14868"}],"wp:attachment":[{"href":"https:\/\/chrislencou-reflexologie.com\/index.php\/wp-json\/wp\/v2\/media?parent=13878"}],"curies":[{"name":"wp","href":"https:\/\/api.w.org\/{rel}","templated":true}]}}