{"id":13901,"date":"2021-08-28T15:57:28","date_gmt":"2021-08-28T13:57:28","guid":{"rendered":"https:\/\/chrislencou-reflexologie.com\/?page_id=13901"},"modified":"2025-08-30T14:55:37","modified_gmt":"2025-08-30T12:55:37","slug":"a-propos","status":"publish","type":"page","link":"https:\/\/chrislencou-reflexologie.com\/index.php\/a-propos\/","title":{"rendered":"A propos"},"content":{"rendered":"<div id=\"cmsmasters_row_\" class=\"cmsmasters_row cmsmasters_color_scheme_default cmsmasters_row_top_default cmsmasters_row_bot_default cmsmasters_row_boxed\">\n<div class=\"cmsmasters_row_outer_parent\">\n<div class=\"cmsmasters_row_outer\">\n<div class=\"cmsmasters_row_inner\">\n<div class=\"cmsmasters_row_margin\">\n<div id=\"cmsmasters_column_\" class=\"cmsmasters_column one_first\">\n<div class=\"cmsmasters_column_inner\"><div class=\"cmsmasters_text\">\n<p>&nbsp;<\/p>\n<\/div>\n<\/div><\/div>\n<\/div>\n<\/div>\n<\/div>\n<\/div>\n<\/div>\n<div id=\"cmsmasters_row_7wbw4vxgzn\" class=\"cmsmasters_row cmsmasters_color_scheme_default cmsmasters_row_top_default cmsmasters_row_bot_default cmsmasters_row_boxed\">\n<div class=\"cmsmasters_row_outer_parent\">\n<div class=\"cmsmasters_row_outer\">\n<div class=\"cmsmasters_row_inner\">\n<div class=\"cmsmasters_row_margin\">\n<div id=\"cmsmasters_column_lffdbvvws\" class=\"cmsmasters_column one_first\">\n<div class=\"cmsmasters_column_inner\"><\/div><\/div>\n<\/div>\n<\/div>\n<\/div>\n<\/div>\n<\/div>\n<div id=\"cmsmasters_row_\" class=\"cmsmasters_row cmsmasters_color_scheme_default cmsmasters_row_top_default cmsmasters_row_bot_default cmsmasters_row_boxed\">\n<div class=\"cmsmasters_row_outer_parent\">\n<div class=\"cmsmasters_row_outer\">\n<div class=\"cmsmasters_row_inner\">\n<div class=\"cmsmasters_row_margin\">\n<div id=\"cmsmasters_column_\" class=\"cmsmasters_column one_first\">\n<div class=\"cmsmasters_column_inner\"><div class=\"cmsmasters_text\">\n<p>&nbsp;<\/p>\n<\/div>\n<\/div><\/div>\n<\/div>\n<\/div>\n<\/div>\n<\/div>\n<\/div>\n<div id=\"cmsmasters_row_cr8s8kcl1b\" class=\"cmsmasters_row cmsmasters_color_scheme_default cmsmasters_row_top_default cmsmasters_row_bot_default cmsmasters_row_boxed\">\n<div class=\"cmsmasters_row_outer_parent\">\n<div class=\"cmsmasters_row_outer\">\n<div class=\"cmsmasters_row_inner\">\n<div class=\"cmsmasters_row_margin\">\n<div id=\"cmsmasters_column_gb74tuh7uo\" class=\"cmsmasters_column one_first\">\n<div class=\"cmsmasters_column_inner\"><div class=\"cmsmasters_text\">\n<h2 style=\"text-align: center;\">La r\u00e9flexologie plantaire permet, par les pieds, de retrouver une l\u00e9g\u00e8ret\u00e9<br \/>\nqui recentre le corps et apaise l&rsquo;esprit.<\/h2>\n<\/div>\n<\/div><\/div>\n<\/div>\n<\/div>\n<\/div>\n<\/div>\n<\/div>\n<div id=\"cmsmasters_row_sbn31mhwxt\" class=\"cmsmasters_row cmsmasters_color_scheme_default cmsmasters_row_top_default cmsmasters_row_bot_default cmsmasters_row_boxed\">\n<div class=\"cmsmasters_row_outer_parent\">\n<div class=\"cmsmasters_row_outer\">\n<div class=\"cmsmasters_row_inner\">\n<div class=\"cmsmasters_row_margin\">\n<div id=\"cmsmasters_column_0jwce7x6k\" class=\"cmsmasters_column one_half\">\n<div class=\"cmsmasters_column_inner\"><div class=\"cmsmasters_text\">\n<p>&nbsp;<\/p>\n<p style=\"text-align: left;\"><strong>Aller chercher ses propres ressources<br \/>\npour traverser les p\u00e9riodes de troubles.<br \/>\n<\/strong><strong>Y puiser d\u00e8s que n\u00e9cessaire pour se sentir<br \/>\nmieux.<\/strong><\/p>\n<p style=\"text-align: left;\">Cela semblait tellement \u00e9vident\u2026<br \/>\nc\u2019est pour cela que je me suis int\u00e9ress\u00e9e,<br \/>\nd\u2019abord pour moi, puis tr\u00e8s vite pour<br \/>\nles autres, aux pratiques bien-\u00eatre<br \/>\net \u00e0 l\u2019\u00e9nerg\u00e9tique.<\/p>\n<p style=\"text-align: left;\"><strong>Form\u00e9e \u00e0 la R\u00e9flexologie plantaire selon<\/strong><br \/>\n<strong><u><a href=\"\/index.php\/energie-chinoise\/\">le principe de l\u2019\u00e9nerg\u00e9tique chinoise,<\/a><\/u><\/strong><br \/>\n<strong>je travaille \u00e0 r\u00e9\u00e9quilibrer le physique,<br \/>\nl\u2019\u00e9motionnel et l\u2019\u00e9nerg\u00e9tique.<\/strong><br \/>\nLes mains au contact des pieds sont<br \/>\nun pont entre le corps et l\u2019esprit.<\/p>\n<p style=\"text-align: left;\">Je vous invite, aujourd\u2019hui, \u00e0 faire un bout<br \/>\nde chemin ensemble pour trouver<br \/>\nune nouvelle respiration et repartir<br \/>\ndu bon pied.<\/p>\n<\/div>\n<div id=\"cmsmasters_button_8oqxup5qg\" class=\"button_wrap\"><a href=\"\/index.php\/services\/\" class=\"cmsmasters_button\"><span>Prestations<\/span><\/a><\/div>\n<\/div><\/div>\n<div id=\"cmsmasters_column_y4z9felml3\" class=\"cmsmasters_column one_half\">\n<div class=\"cmsmasters_column_inner\"><div class=\"aligncenter\"><div class=\"cmsmasters_img  cmsmasters_image_c\"><a href=\"https:\/\/chrislencou-reflexologie.com\/wp-content\/uploads\/2024\/09\/Christelle-Lencou-a-propos.jpg\"><img src=\"https:\/\/chrislencou-reflexologie.com\/wp-content\/uploads\/2024\/09\/Christelle-Lencou-a-propos.jpg\" alt=\"com\" \/><\/a><\/div><\/div><div class=\"cmsmasters_text\">\n<p style=\"font-size: 12px; text-align: center;\">Christelle Lencou<br \/>\nPraticienne en R\u00e9flexologie plantaire<br \/>\nCertifi\u00e9e par l\u2019Institut Cassiop\u00e9e<br \/>\n(formation aux m\u00e9tiers des th\u00e9rapies de bien-\u00eatre)<\/p>\n<p style=\"font-size: 12px; text-align: center;\">*Certifi\u00e9e en r\u00e9flexologie plantaire\u00a0 appliqu\u00e9e \u00e0 l&rsquo;\u00e9nerg\u00e9tique chinoise<br \/>\npar L&rsquo;<a href=\"https:\/\/www.reflexo-paris.fr\/\" target=\"_blank\" rel=\"noopener\">EPRP Paris <\/a>(Ecole de Podo-R\u00e9flexologie de Paris)<\/p>\n<\/div>\n<\/div><\/div>\n<\/div>\n<\/div>\n<\/div>\n<\/div>\n<\/div>\n\n","protected":false},"excerpt":{"rendered":"","protected":false},"author":1,"featured_media":0,"parent":0,"menu_order":0,"comment_status":"closed","ping_status":"closed","template":"","meta":[],"yoast_head":"<!-- This site is optimized with the Yoast SEO plugin v17.1 - https:\/\/yoast.com\/wordpress\/plugins\/seo\/ -->\n<title>R\u00e9flexologue plantaire \u00e0 Paris 10\u00e8me<\/title>\n<meta name=\"description\" content=\"Form\u00e9e \u00e0 la R\u00e9flexologie plantaire selon le principe de l\u2019\u00e9nerg\u00e9tique chinoise, je travaille \u00e0 r\u00e9\u00e9quilibrer le physique, l\u2019\u00e9motionnel et l\u2019\u00e9nerg\u00e9tique\" \/>\n<meta name=\"robots\" content=\"index, follow, max-snippet:-1, max-image-preview:large, max-video-preview:-1\" \/>\n<link rel=\"canonical\" href=\"https:\/\/chrislencou-reflexologie.com\/index.php\/a-propos\/\" \/>\n<meta property=\"og:locale\" content=\"fr_FR\" \/>\n<meta property=\"og:type\" content=\"article\" \/>\n<meta property=\"og:title\" content=\"R\u00e9flexologue plantaire \u00e0 Paris 10\u00e8me\" \/>\n<meta property=\"og:description\" content=\"Form\u00e9e \u00e0 la R\u00e9flexologie plantaire selon le principe de l\u2019\u00e9nerg\u00e9tique chinoise, je travaille \u00e0 r\u00e9\u00e9quilibrer le physique, l\u2019\u00e9motionnel et l\u2019\u00e9nerg\u00e9tique\" \/>\n<meta property=\"og:url\" content=\"https:\/\/chrislencou-reflexologie.com\/index.php\/a-propos\/\" \/>\n<meta property=\"og:site_name\" content=\"R\u00e9flexologue\" \/>\n<meta property=\"article:modified_time\" content=\"2025-08-30T12:55:37+00:00\" \/>\n<meta name=\"twitter:card\" content=\"summary_large_image\" \/>\n<meta name=\"twitter:label1\" content=\"Dur\u00e9e de lecture est.\" \/>\n\t<meta name=\"twitter:data1\" content=\"4 minutes\" \/>\n<script type=\"application\/ld+json\" class=\"yoast-schema-graph\">{\"@context\":\"https:\/\/schema.org\",\"@graph\":[{\"@type\":\"WebSite\",\"@id\":\"https:\/\/chrislencou-reflexologie.com\/#website\",\"url\":\"https:\/\/chrislencou-reflexologie.com\/\",\"name\":\"R\\u00e9flexologue\",\"description\":\"Christelle Lencou\",\"potentialAction\":[{\"@type\":\"SearchAction\",\"target\":{\"@type\":\"EntryPoint\",\"urlTemplate\":\"https:\/\/chrislencou-reflexologie.com\/?s={search_term_string}\"},\"query-input\":\"required name=search_term_string\"}],\"inLanguage\":\"fr-FR\"},{\"@type\":\"WebPage\",\"@id\":\"https:\/\/chrislencou-reflexologie.com\/index.php\/a-propos\/#webpage\",\"url\":\"https:\/\/chrislencou-reflexologie.com\/index.php\/a-propos\/\",\"name\":\"R\\u00e9flexologue plantaire \\u00e0 Paris 10\\u00e8me\",\"isPartOf\":{\"@id\":\"https:\/\/chrislencou-reflexologie.com\/#website\"},\"datePublished\":\"2021-08-28T13:57:28+00:00\",\"dateModified\":\"2025-08-30T12:55:37+00:00\",\"description\":\"Form\\u00e9e \\u00e0 la R\\u00e9flexologie plantaire selon le principe de l\\u2019\\u00e9nerg\\u00e9tique chinoise, je travaille \\u00e0 r\\u00e9\\u00e9quilibrer le physique, l\\u2019\\u00e9motionnel et l\\u2019\\u00e9nerg\\u00e9tique\",\"breadcrumb\":{\"@id\":\"https:\/\/chrislencou-reflexologie.com\/index.php\/a-propos\/#breadcrumb\"},\"inLanguage\":\"fr-FR\",\"potentialAction\":[{\"@type\":\"ReadAction\",\"target\":[\"https:\/\/chrislencou-reflexologie.com\/index.php\/a-propos\/\"]}]},{\"@type\":\"BreadcrumbList\",\"@id\":\"https:\/\/chrislencou-reflexologie.com\/index.php\/a-propos\/#breadcrumb\",\"itemListElement\":[{\"@type\":\"ListItem\",\"position\":1,\"name\":\"Accueil\",\"item\":\"https:\/\/chrislencou-reflexologie.com\/\"},{\"@type\":\"ListItem\",\"position\":2,\"name\":\"A propos\"}]}]}<\/script>\n<!-- \/ Yoast SEO plugin. -->","yoast_head_json":{"title":"R\u00e9flexologue plantaire \u00e0 Paris 10\u00e8me","description":"Form\u00e9e \u00e0 la R\u00e9flexologie plantaire selon le principe de l\u2019\u00e9nerg\u00e9tique chinoise, je travaille \u00e0 r\u00e9\u00e9quilibrer le physique, l\u2019\u00e9motionnel et l\u2019\u00e9nerg\u00e9tique","robots":{"index":"index","follow":"follow","max-snippet":"max-snippet:-1","max-image-preview":"max-image-preview:large","max-video-preview":"max-video-preview:-1"},"canonical":"https:\/\/chrislencou-reflexologie.com\/index.php\/a-propos\/","og_locale":"fr_FR","og_type":"article","og_title":"R\u00e9flexologue plantaire \u00e0 Paris 10\u00e8me","og_description":"Form\u00e9e \u00e0 la R\u00e9flexologie plantaire selon le principe de l\u2019\u00e9nerg\u00e9tique chinoise, je travaille \u00e0 r\u00e9\u00e9quilibrer le physique, l\u2019\u00e9motionnel et l\u2019\u00e9nerg\u00e9tique","og_url":"https:\/\/chrislencou-reflexologie.com\/index.php\/a-propos\/","og_site_name":"R\u00e9flexologue","article_modified_time":"2025-08-30T12:55:37+00:00","twitter_card":"summary_large_image","twitter_misc":{"Dur\u00e9e de lecture est.":"4 minutes"},"schema":{"@context":"https:\/\/schema.org","@graph":[{"@type":"WebSite","@id":"https:\/\/chrislencou-reflexologie.com\/#website","url":"https:\/\/chrislencou-reflexologie.com\/","name":"R\u00e9flexologue","description":"Christelle Lencou","potentialAction":[{"@type":"SearchAction","target":{"@type":"EntryPoint","urlTemplate":"https:\/\/chrislencou-reflexologie.com\/?s={search_term_string}"},"query-input":"required name=search_term_string"}],"inLanguage":"fr-FR"},{"@type":"WebPage","@id":"https:\/\/chrislencou-reflexologie.com\/index.php\/a-propos\/#webpage","url":"https:\/\/chrislencou-reflexologie.com\/index.php\/a-propos\/","name":"R\u00e9flexologue plantaire \u00e0 Paris 10\u00e8me","isPartOf":{"@id":"https:\/\/chrislencou-reflexologie.com\/#website"},"datePublished":"2021-08-28T13:57:28+00:00","dateModified":"2025-08-30T12:55:37+00:00","description":"Form\u00e9e \u00e0 la R\u00e9flexologie plantaire selon le principe de l\u2019\u00e9nerg\u00e9tique chinoise, je travaille \u00e0 r\u00e9\u00e9quilibrer le physique, l\u2019\u00e9motionnel et l\u2019\u00e9nerg\u00e9tique","breadcrumb":{"@id":"https:\/\/chrislencou-reflexologie.com\/index.php\/a-propos\/#breadcrumb"},"inLanguage":"fr-FR","potentialAction":[{"@type":"ReadAction","target":["https:\/\/chrislencou-reflexologie.com\/index.php\/a-propos\/"]}]},{"@type":"BreadcrumbList","@id":"https:\/\/chrislencou-reflexologie.com\/index.php\/a-propos\/#breadcrumb","itemListElement":[{"@type":"ListItem","position":1,"name":"Accueil","item":"https:\/\/chrislencou-reflexologie.com\/"},{"@type":"ListItem","position":2,"name":"A propos"}]}]}},"_links":{"self":[{"href":"https:\/\/chrislencou-reflexologie.com\/index.php\/wp-json\/wp\/v2\/pages\/13901"}],"collection":[{"href":"https:\/\/chrislencou-reflexologie.com\/index.php\/wp-json\/wp\/v2\/pages"}],"about":[{"href":"https:\/\/chrislencou-reflexologie.com\/index.php\/wp-json\/wp\/v2\/types\/page"}],"author":[{"embeddable":true,"href":"https:\/\/chrislencou-reflexologie.com\/index.php\/wp-json\/wp\/v2\/users\/1"}],"replies":[{"embeddable":true,"href":"https:\/\/chrislencou-reflexologie.com\/index.php\/wp-json\/wp\/v2\/comments?post=13901"}],"version-history":[{"count":39,"href":"https:\/\/chrislencou-reflexologie.com\/index.php\/wp-json\/wp\/v2\/pages\/13901\/revisions"}],"predecessor-version":[{"id":14804,"href":"https:\/\/chrislencou-reflexologie.com\/index.php\/wp-json\/wp\/v2\/pages\/13901\/revisions\/14804"}],"wp:attachment":[{"href":"https:\/\/chrislencou-reflexologie.com\/index.php\/wp-json\/wp\/v2\/media?parent=13901"}],"curies":[{"name":"wp","href":"https:\/\/api.w.org\/{rel}","templated":true}]}}