{"id":14216,"date":"2022-05-11T22:51:09","date_gmt":"2022-05-11T20:51:09","guid":{"rendered":"https:\/\/chrislencou-reflexologie.com\/?page_id=14216"},"modified":"2025-04-07T19:46:38","modified_gmt":"2025-04-07T17:46:38","slug":"prendre-rdv-a-paris","status":"publish","type":"page","link":"https:\/\/chrislencou-reflexologie.com\/index.php\/prendre-rdv-a-paris\/","title":{"rendered":"Prendre RDV \u00e0 Paris"},"content":{"rendered":"<div id=\"cmsmasters_row_qqhzwy41aw\" class=\"cmsmasters_row cmsmasters_color_scheme_default cmsmasters_row_top_default cmsmasters_row_bot_default cmsmasters_row_boxed\">\n<div class=\"cmsmasters_row_outer_parent\">\n<div class=\"cmsmasters_row_outer\">\n<div class=\"cmsmasters_row_inner\">\n<div class=\"cmsmasters_row_margin\">\n<div id=\"cmsmasters_column_h1clpw3xj\" class=\"cmsmasters_column one_first\">\n<div class=\"cmsmasters_column_inner\"><div id=\"cmsmasters_heading_9kqzjxtax\" class=\"cmsmasters_heading_wrap cmsmasters_heading_align_center\">\n\t<h1 class=\"cmsmasters_heading\">Prendre RDV<\/h1>\n<\/div><div id=\"cmsmasters_fb_gc2tab2gtf\" class=\"cmsmasters_featured_block\">\n<div class=\"featured_block_inner\">\n<div class=\"featured_block_text\">\n<h2 style=\"text-align: center;\">Cabinet de Paris<\/h2>\n<div style=\"text-align: center;\">\n<div style=\"text-align: center;\">\n<p>40 bis Rue du Faubourg Poissonni\u00e8re &#8211; 75010 Paris<br \/>\nEspace TERAPYA<\/p>\n<p><a style=\"font-size: 0.9rem;\" href=\"https:\/\/chrislencou-reflexologie.com\/wp-content\/uploads\/2022\/05\/Cabinet-reflexologie-Paris.jpg\"><img loading=\"lazy\" class=\"alignnone size-full wp-image-14198\" src=\"https:\/\/chrislencou-reflexologie.com\/wp-content\/uploads\/2022\/05\/Cabinet-reflexologie-Paris.jpg\" alt=\"Cabinet r\u00e9flexologie Paris\" width=\"504\" height=\"322\" srcset=\"https:\/\/chrislencou-reflexologie.com\/wp-content\/uploads\/2022\/05\/Cabinet-reflexologie-Paris.jpg 504w, https:\/\/chrislencou-reflexologie.com\/wp-content\/uploads\/2022\/05\/Cabinet-reflexologie-Paris-300x192.jpg 300w\" sizes=\"(max-width: 504px) 100vw, 504px\" \/><\/a><br \/>\nR\u00e9flexologie plantaire\/gestion du stress et harmonisation des \u00e9motions<\/p>\n<\/div>\n<\/div>\n\n<\/div>\n<\/div>\n<\/div>\n<div class=\"cmsmasters_wrap_table\"><table class=\"cmsmasters_table\"><caption><\/caption><tr><td class=\"cmsmasters_table_cell_aligncenter\">S\u00e9ance R\u00e9flexo plantaire 60 min <\/td><td class=\"cmsmasters_table_cell_aligncenter\">70 \u20ac<\/td><\/tr><\/table><\/div><div id=\"cmsmasters_button_2csi9unbi\" class=\"button_wrap\"><a href=\"https:\/\/lencou.reservio.com\/booking\/business\/service\/resource\/time\" class=\"cmsmasters_button\" target=\"_blank\"><span>R\u00e9server maintenant<\/span><\/a><\/div>\n<div class=\"cmsmasters_text\">\n<h4><\/h4>\n<div style=\"text-align: center;\"><strong><span class=\"wixui-rich-text__text\">Si vous n&rsquo;avez aucune disponibilit\u00e9 aux dates et horaires de rendez-vous propos\u00e9s,<br \/>\nn&rsquo;h\u00e9sitez pas \u00e0 me contacter <\/span><span class=\"wixui-rich-text__text\">au\u00a0<\/span><span class=\"wixui-rich-text__text\">06 95 51 32 16<\/span><\/strong><\/div>\n<div><\/div>\n<div><\/div>\n<div style=\"text-align: center;\"><strong>Parce qu&rsquo;un rendez-vous modifi\u00e9 ou annul\u00e9 la veille est un rendez-vous perdu pour tous !<\/strong><\/div>\n<div><\/div>\n<div style=\"text-align: center;\"><strong>ANNULATION ou MODIFICATION de rendez-vous 72h avant.<br \/>\n<\/strong><strong>Au-del\u00e0 de cette limite, le montant de la prestation sera d\u00fb.<br \/>\nMerci de votre compr\u00e9hension.<\/strong><\/div>\n<p style=\"text-align: center;\">Votre s\u00e9ance de r\u00e9flexologie plantaire peut \u00eatre prise en charge par votre mutuelle. <a href=\"https:\/\/chrislencou-reflexologie.com\/index.php\/2024\/06\/26\/la-reflexologie-plantaire-et-sa-prise-en-charge-par-les-mutuelles-sante\/\">VOIR LA LISTE<\/a><\/p>\n<\/div>\n<\/div><\/div>\n<\/div>\n<\/div>\n<\/div>\n<\/div>\n<\/div>\n<div id=\"cmsmasters_row_20ayirseon\" class=\"cmsmasters_row cmsmasters_color_scheme_default cmsmasters_row_top_default cmsmasters_row_bot_default cmsmasters_row_boxed\">\n<div class=\"cmsmasters_row_outer_parent\">\n<div class=\"cmsmasters_row_outer\">\n<div class=\"cmsmasters_row_inner\">\n<div class=\"cmsmasters_row_margin\">\n<div id=\"cmsmasters_column_q0w93ggh4s\" class=\"cmsmasters_column one_third\">\n<div class=\"cmsmasters_column_inner\"><\/div><\/div>\n<div id=\"cmsmasters_column_klsn94lw2o\" class=\"cmsmasters_column two_third\">\n<div class=\"cmsmasters_column_inner\"><div id=\"cmsmasters_heading_863f53deul\" class=\"cmsmasters_heading_wrap cmsmasters_heading_align_left\">\n\t<h4 class=\"cmsmasters_heading\">Contact<\/h4>\n<\/div>\n<div id=\"cmsmasters_divider_45y4dg2nbh\" class=\"cmsmasters_divider cmsmasters_divider_width_short cmsmasters_divider_pos_left\"><\/div>\n<ul id=\"cmsmasters_icon_list_items_ngsbb3ocbf\" class=\"cmsmasters_icon_list_items cmsmasters_icon_list_type_list\"><li id=\"cmsmasters_icon_list_item_y1wx9fjx2\" class=\"cmsmasters_icon_list_item cmsmasters-icon-user-1\">Christelle Lencou<\/li><li id=\"cmsmasters_icon_list_item_adnebg1rng\" class=\"cmsmasters_icon_list_item cmsmasters-icon-location-1\">40 bis Rue du Faubourg Poissonni\u00e8re - 75010 Paris<\/li><li id=\"cmsmasters_icon_list_item_q9nkoci0w\" class=\"cmsmasters_icon_list_item cmsmasters-icon-phone-1\"><a href=\"tel:0695513216\">06 95 51 32 16<\/a><\/li><li id=\"cmsmasters_icon_list_item_thco1vx3ck\" class=\"cmsmasters_icon_list_item cmsmasters-icon-mail-1\"><a href=\"mailto:christellelencou@gmail.com\">christellelencou@gmail.com<\/a><\/li><li id=\"cmsmasters_icon_list_item_d88nun6g6k\" class=\"cmsmasters_icon_list_item cmsmasters-icon-globe-1\"><a href=\"https:\/\/chrislencou-reflexologie.com\">chrislencou-reflexologie.com<\/a><\/li><\/ul>\n<\/div><\/div>\n<\/div>\n<\/div>\n<\/div>\n<\/div>\n<\/div>\n\n","protected":false},"excerpt":{"rendered":"","protected":false},"author":1,"featured_media":0,"parent":0,"menu_order":0,"comment_status":"closed","ping_status":"closed","template":"","meta":[],"yoast_head":"<!-- This site is optimized with the Yoast SEO plugin v17.1 - https:\/\/yoast.com\/wordpress\/plugins\/seo\/ -->\n<title>Cabinet de r\u00e9flexologie plantaire Paris 10\u00e8me (Gare du Nord, M\u00e9tro Bonne Nouvelle, Gare de l\u2019Est, M\u00e9tro R\u00e9publique, H\u00f4pital Lariboisi\u00e8re) - S\u00e9ance de d\u00e9couverte de la r\u00e9flexologie plantaire sur Paris (rendez-vous de r\u00e9flexologie plantaire pris en charge financi\u00e8rement par des mutuelles sant\u00e9 naturelle\/m\u00e9decines douces - Tarifs et RDV | Chrislencou-reflexologie.com<\/title>\n<meta name=\"description\" content=\"Le cabinet de r\u00e9flexologie plantaire de Paris (Paris 10\u00e8me) de Christelle Lencou (praticienne r\u00e9flexologue r\u00e9f\u00e9rente en r\u00e9flexologie plantaire\/gestion du stress et harmonisation des \u00e9motions) est situ\u00e9 au coeur de Paris 10\u00e8me - Christelle Lencou propose une s\u00e9ance de d\u00e9couverte de la r\u00e9flexologie plantaire sur Paris avec un rendez-vous de r\u00e9flexologie plantaire pris en charge financi\u00e8rement par des mutuelles sant\u00e9 naturelle\/m\u00e9decines douces - Ce cabinet de r\u00e9flexologie sur Paris 10e est proche de Paris 9e, Gare du Nord, Paris 11e, M\u00e9tro Bonne Nouvelle, Paris 3e, Gare de l\u2019Est, Paris 4e, M\u00e9tro R\u00e9publique, th\u00e9\u00e2tre de la Porte Saint-Martin, H\u00f4pital Lariboisi\u00e8re, Grands Boulevards Haussmann, Les Invalides, Madeleine\/Op\u00e9ra, Le Marais, Boulevard Magenta) \u2013 Cette r\u00e9flexologue sur Paris d\u00e9veloppe aussi des s\u00e9ances de r\u00e9\u00e9quilibrage physique et \u00e9motionnel avec soulagement des douleurs chroniques\/\u00e9nerg\u00e9tique chinoise (mal de dos, constipation), des troubles circulatoire et lymphatique - Au sein de son cabinet de r\u00e9flexologie plantaire \u00e0 Paris 10\u00e8me, Christelle permet \u00e0 chacun de se r\u00e9\u00e9quilibrer, revitaliser et trouver un nouveau souffle. Consultation des tarifs et des informations de contact du cabinet de r\u00e9flexologie plantaire \u00e0 Paris 10\u00e8me - Au titre d\u2019une \u00e9conomie financi\u00e8re int\u00e9ressante, ces s\u00e9ances de r\u00e9flexologie plantaire sur Paris de Christelle Lencou peuvent \u00eatre prises en charges par diverses mutuelles sant\u00e9. Renseignez vous aupr\u00e8s de votre mutuelle.\" \/>\n<meta name=\"robots\" content=\"index, follow, max-snippet:-1, max-image-preview:large, max-video-preview:-1\" \/>\n<link rel=\"canonical\" href=\"https:\/\/chrislencou-reflexologie.com\/index.php\/prendre-rdv-a-paris\/\" \/>\n<meta property=\"og:locale\" content=\"fr_FR\" \/>\n<meta property=\"og:type\" content=\"article\" \/>\n<meta property=\"og:title\" content=\"Cabinet de r\u00e9flexologie plantaire Paris 10\u00e8me (Gare du Nord, M\u00e9tro Bonne Nouvelle, Gare de l\u2019Est, M\u00e9tro R\u00e9publique, H\u00f4pital Lariboisi\u00e8re) - S\u00e9ance de d\u00e9couverte de la r\u00e9flexologie plantaire sur Paris (rendez-vous de r\u00e9flexologie plantaire pris en charge financi\u00e8rement par des mutuelles sant\u00e9 naturelle\/m\u00e9decines douces - Tarifs et RDV | Chrislencou-reflexologie.com\" \/>\n<meta property=\"og:description\" content=\"Le cabinet de r\u00e9flexologie plantaire de Paris (Paris 10\u00e8me) de Christelle Lencou (praticienne r\u00e9flexologue r\u00e9f\u00e9rente en r\u00e9flexologie plantaire\/gestion du stress et harmonisation des \u00e9motions) est situ\u00e9 au coeur de Paris 10\u00e8me - Christelle Lencou propose une s\u00e9ance de d\u00e9couverte de la r\u00e9flexologie plantaire sur Paris avec un rendez-vous de r\u00e9flexologie plantaire pris en charge financi\u00e8rement par des mutuelles sant\u00e9 naturelle\/m\u00e9decines douces - Ce cabinet de r\u00e9flexologie sur Paris 10e est proche de Paris 9e, Gare du Nord, Paris 11e, M\u00e9tro Bonne Nouvelle, Paris 3e, Gare de l\u2019Est, Paris 4e, M\u00e9tro R\u00e9publique, th\u00e9\u00e2tre de la Porte Saint-Martin, H\u00f4pital Lariboisi\u00e8re, Grands Boulevards Haussmann, Les Invalides, Madeleine\/Op\u00e9ra, Le Marais, Boulevard Magenta) \u2013 Cette r\u00e9flexologue sur Paris d\u00e9veloppe aussi des s\u00e9ances de r\u00e9\u00e9quilibrage physique et \u00e9motionnel avec soulagement des douleurs chroniques\/\u00e9nerg\u00e9tique chinoise (mal de dos, constipation), des troubles circulatoire et lymphatique - Au sein de son cabinet de r\u00e9flexologie plantaire \u00e0 Paris 10\u00e8me, Christelle permet \u00e0 chacun de se r\u00e9\u00e9quilibrer, revitaliser et trouver un nouveau souffle. Consultation des tarifs et des informations de contact du cabinet de r\u00e9flexologie plantaire \u00e0 Paris 10\u00e8me - Au titre d\u2019une \u00e9conomie financi\u00e8re int\u00e9ressante, ces s\u00e9ances de r\u00e9flexologie plantaire sur Paris de Christelle Lencou peuvent \u00eatre prises en charges par diverses mutuelles sant\u00e9. Renseignez vous aupr\u00e8s de votre mutuelle.\" \/>\n<meta property=\"og:url\" content=\"https:\/\/chrislencou-reflexologie.com\/index.php\/prendre-rdv-a-paris\/\" \/>\n<meta property=\"og:site_name\" content=\"R\u00e9flexologue\" \/>\n<meta property=\"article:modified_time\" content=\"2025-04-07T17:46:38+00:00\" \/>\n<meta property=\"og:image\" content=\"https:\/\/chrislencou-reflexologie.com\/wp-content\/uploads\/2022\/05\/Cabinet-reflexologie-Paris.jpg\" \/>\n<meta name=\"twitter:card\" content=\"summary_large_image\" \/>\n<meta name=\"twitter:label1\" content=\"Dur\u00e9e de lecture est.\" \/>\n\t<meta name=\"twitter:data1\" content=\"2 minutes\" \/>\n<script type=\"application\/ld+json\" class=\"yoast-schema-graph\">{\"@context\":\"https:\/\/schema.org\",\"@graph\":[{\"@type\":\"WebSite\",\"@id\":\"https:\/\/chrislencou-reflexologie.com\/#website\",\"url\":\"https:\/\/chrislencou-reflexologie.com\/\",\"name\":\"R\\u00e9flexologue\",\"description\":\"Christelle Lencou\",\"potentialAction\":[{\"@type\":\"SearchAction\",\"target\":{\"@type\":\"EntryPoint\",\"urlTemplate\":\"https:\/\/chrislencou-reflexologie.com\/?s={search_term_string}\"},\"query-input\":\"required name=search_term_string\"}],\"inLanguage\":\"fr-FR\"},{\"@type\":\"ImageObject\",\"@id\":\"https:\/\/chrislencou-reflexologie.com\/index.php\/prendre-rdv-a-paris\/#primaryimage\",\"inLanguage\":\"fr-FR\",\"url\":\"https:\/\/chrislencou-reflexologie.com\/wp-content\/uploads\/2022\/05\/Cabinet-reflexologie-Paris.jpg\",\"contentUrl\":\"https:\/\/chrislencou-reflexologie.com\/wp-content\/uploads\/2022\/05\/Cabinet-reflexologie-Paris.jpg\",\"width\":504,\"height\":322,\"caption\":\"Cabinet r\\u00e9flexologie Paris\"},{\"@type\":\"WebPage\",\"@id\":\"https:\/\/chrislencou-reflexologie.com\/index.php\/prendre-rdv-a-paris\/#webpage\",\"url\":\"https:\/\/chrislencou-reflexologie.com\/index.php\/prendre-rdv-a-paris\/\",\"name\":\"Cabinet de r\\u00e9flexologie plantaire Paris 10\\u00e8me (Gare du Nord, M\\u00e9tro Bonne Nouvelle, Gare de l\\u2019Est, M\\u00e9tro R\\u00e9publique, H\\u00f4pital Lariboisi\\u00e8re) - S\\u00e9ance de d\\u00e9couverte de la r\\u00e9flexologie plantaire sur Paris (rendez-vous de r\\u00e9flexologie plantaire pris en charge financi\\u00e8rement par des mutuelles sant\\u00e9 naturelle\/m\\u00e9decines douces - Tarifs et RDV | Chrislencou-reflexologie.com\",\"isPartOf\":{\"@id\":\"https:\/\/chrislencou-reflexologie.com\/#website\"},\"primaryImageOfPage\":{\"@id\":\"https:\/\/chrislencou-reflexologie.com\/index.php\/prendre-rdv-a-paris\/#primaryimage\"},\"datePublished\":\"2022-05-11T20:51:09+00:00\",\"dateModified\":\"2025-04-07T17:46:38+00:00\",\"description\":\"Le cabinet de r\\u00e9flexologie plantaire de Paris (Paris 10\\u00e8me) de Christelle Lencou (praticienne r\\u00e9flexologue r\\u00e9f\\u00e9rente en r\\u00e9flexologie plantaire\/gestion du stress et harmonisation des \\u00e9motions) est situ\\u00e9 au coeur de Paris 10\\u00e8me - Christelle Lencou propose une s\\u00e9ance de d\\u00e9couverte de la r\\u00e9flexologie plantaire sur Paris avec un rendez-vous de r\\u00e9flexologie plantaire pris en charge financi\\u00e8rement par des mutuelles sant\\u00e9 naturelle\/m\\u00e9decines douces - Ce cabinet de r\\u00e9flexologie sur Paris 10e est proche de Paris 9e, Gare du Nord, Paris 11e, M\\u00e9tro Bonne Nouvelle, Paris 3e, Gare de l\\u2019Est, Paris 4e, M\\u00e9tro R\\u00e9publique, th\\u00e9\\u00e2tre de la Porte Saint-Martin, H\\u00f4pital Lariboisi\\u00e8re, Grands Boulevards Haussmann, Les Invalides, Madeleine\/Op\\u00e9ra, Le Marais, Boulevard Magenta) \\u2013 Cette r\\u00e9flexologue sur Paris d\\u00e9veloppe aussi des s\\u00e9ances de r\\u00e9\\u00e9quilibrage physique et \\u00e9motionnel avec soulagement des douleurs chroniques\/\\u00e9nerg\\u00e9tique chinoise (mal de dos, constipation), des troubles circulatoire et lymphatique - Au sein de son cabinet de r\\u00e9flexologie plantaire \\u00e0 Paris 10\\u00e8me, Christelle permet \\u00e0 chacun de se r\\u00e9\\u00e9quilibrer, revitaliser et trouver un nouveau souffle. Consultation des tarifs et des informations de contact du cabinet de r\\u00e9flexologie plantaire \\u00e0 Paris 10\\u00e8me - Au titre d\\u2019une \\u00e9conomie financi\\u00e8re int\\u00e9ressante, ces s\\u00e9ances de r\\u00e9flexologie plantaire sur Paris de Christelle Lencou peuvent \\u00eatre prises en charges par diverses mutuelles sant\\u00e9. Renseignez vous aupr\\u00e8s de votre mutuelle.\",\"breadcrumb\":{\"@id\":\"https:\/\/chrislencou-reflexologie.com\/index.php\/prendre-rdv-a-paris\/#breadcrumb\"},\"inLanguage\":\"fr-FR\",\"potentialAction\":[{\"@type\":\"ReadAction\",\"target\":[\"https:\/\/chrislencou-reflexologie.com\/index.php\/prendre-rdv-a-paris\/\"]}]},{\"@type\":\"BreadcrumbList\",\"@id\":\"https:\/\/chrislencou-reflexologie.com\/index.php\/prendre-rdv-a-paris\/#breadcrumb\",\"itemListElement\":[{\"@type\":\"ListItem\",\"position\":1,\"name\":\"Accueil\",\"item\":\"https:\/\/chrislencou-reflexologie.com\/\"},{\"@type\":\"ListItem\",\"position\":2,\"name\":\"Prendre RDV \\u00e0 Paris\"}]}]}<\/script>\n<!-- \/ Yoast SEO plugin. -->","yoast_head_json":{"title":"Cabinet de r\u00e9flexologie plantaire Paris 10\u00e8me (Gare du Nord, M\u00e9tro Bonne Nouvelle, Gare de l\u2019Est, M\u00e9tro R\u00e9publique, H\u00f4pital Lariboisi\u00e8re) - S\u00e9ance de d\u00e9couverte de la r\u00e9flexologie plantaire sur Paris (rendez-vous de r\u00e9flexologie plantaire pris en charge financi\u00e8rement par des mutuelles sant\u00e9 naturelle\/m\u00e9decines douces - Tarifs et RDV | Chrislencou-reflexologie.com","description":"Le cabinet de r\u00e9flexologie plantaire de Paris (Paris 10\u00e8me) de Christelle Lencou (praticienne r\u00e9flexologue r\u00e9f\u00e9rente en r\u00e9flexologie plantaire\/gestion du stress et harmonisation des \u00e9motions) est situ\u00e9 au coeur de Paris 10\u00e8me - Christelle Lencou propose une s\u00e9ance de d\u00e9couverte de la r\u00e9flexologie plantaire sur Paris avec un rendez-vous de r\u00e9flexologie plantaire pris en charge financi\u00e8rement par des mutuelles sant\u00e9 naturelle\/m\u00e9decines douces - Ce cabinet de r\u00e9flexologie sur Paris 10e est proche de Paris 9e, Gare du Nord, Paris 11e, M\u00e9tro Bonne Nouvelle, Paris 3e, Gare de l\u2019Est, Paris 4e, M\u00e9tro R\u00e9publique, th\u00e9\u00e2tre de la Porte Saint-Martin, H\u00f4pital Lariboisi\u00e8re, Grands Boulevards Haussmann, Les Invalides, Madeleine\/Op\u00e9ra, Le Marais, Boulevard Magenta) \u2013 Cette r\u00e9flexologue sur Paris d\u00e9veloppe aussi des s\u00e9ances de r\u00e9\u00e9quilibrage physique et \u00e9motionnel avec soulagement des douleurs chroniques\/\u00e9nerg\u00e9tique chinoise (mal de dos, constipation), des troubles circulatoire et lymphatique - Au sein de son cabinet de r\u00e9flexologie plantaire \u00e0 Paris 10\u00e8me, Christelle permet \u00e0 chacun de se r\u00e9\u00e9quilibrer, revitaliser et trouver un nouveau souffle. Consultation des tarifs et des informations de contact du cabinet de r\u00e9flexologie plantaire \u00e0 Paris 10\u00e8me - Au titre d\u2019une \u00e9conomie financi\u00e8re int\u00e9ressante, ces s\u00e9ances de r\u00e9flexologie plantaire sur Paris de Christelle Lencou peuvent \u00eatre prises en charges par diverses mutuelles sant\u00e9. Renseignez vous aupr\u00e8s de votre mutuelle.","robots":{"index":"index","follow":"follow","max-snippet":"max-snippet:-1","max-image-preview":"max-image-preview:large","max-video-preview":"max-video-preview:-1"},"canonical":"https:\/\/chrislencou-reflexologie.com\/index.php\/prendre-rdv-a-paris\/","og_locale":"fr_FR","og_type":"article","og_title":"Cabinet de r\u00e9flexologie plantaire Paris 10\u00e8me (Gare du Nord, M\u00e9tro Bonne Nouvelle, Gare de l\u2019Est, M\u00e9tro R\u00e9publique, H\u00f4pital Lariboisi\u00e8re) - S\u00e9ance de d\u00e9couverte de la r\u00e9flexologie plantaire sur Paris (rendez-vous de r\u00e9flexologie plantaire pris en charge financi\u00e8rement par des mutuelles sant\u00e9 naturelle\/m\u00e9decines douces - Tarifs et RDV | Chrislencou-reflexologie.com","og_description":"Le cabinet de r\u00e9flexologie plantaire de Paris (Paris 10\u00e8me) de Christelle Lencou (praticienne r\u00e9flexologue r\u00e9f\u00e9rente en r\u00e9flexologie plantaire\/gestion du stress et harmonisation des \u00e9motions) est situ\u00e9 au coeur de Paris 10\u00e8me - Christelle Lencou propose une s\u00e9ance de d\u00e9couverte de la r\u00e9flexologie plantaire sur Paris avec un rendez-vous de r\u00e9flexologie plantaire pris en charge financi\u00e8rement par des mutuelles sant\u00e9 naturelle\/m\u00e9decines douces - Ce cabinet de r\u00e9flexologie sur Paris 10e est proche de Paris 9e, Gare du Nord, Paris 11e, M\u00e9tro Bonne Nouvelle, Paris 3e, Gare de l\u2019Est, Paris 4e, M\u00e9tro R\u00e9publique, th\u00e9\u00e2tre de la Porte Saint-Martin, H\u00f4pital Lariboisi\u00e8re, Grands Boulevards Haussmann, Les Invalides, Madeleine\/Op\u00e9ra, Le Marais, Boulevard Magenta) \u2013 Cette r\u00e9flexologue sur Paris d\u00e9veloppe aussi des s\u00e9ances de r\u00e9\u00e9quilibrage physique et \u00e9motionnel avec soulagement des douleurs chroniques\/\u00e9nerg\u00e9tique chinoise (mal de dos, constipation), des troubles circulatoire et lymphatique - Au sein de son cabinet de r\u00e9flexologie plantaire \u00e0 Paris 10\u00e8me, Christelle permet \u00e0 chacun de se r\u00e9\u00e9quilibrer, revitaliser et trouver un nouveau souffle. Consultation des tarifs et des informations de contact du cabinet de r\u00e9flexologie plantaire \u00e0 Paris 10\u00e8me - Au titre d\u2019une \u00e9conomie financi\u00e8re int\u00e9ressante, ces s\u00e9ances de r\u00e9flexologie plantaire sur Paris de Christelle Lencou peuvent \u00eatre prises en charges par diverses mutuelles sant\u00e9. Renseignez vous aupr\u00e8s de votre mutuelle.","og_url":"https:\/\/chrislencou-reflexologie.com\/index.php\/prendre-rdv-a-paris\/","og_site_name":"R\u00e9flexologue","article_modified_time":"2025-04-07T17:46:38+00:00","og_image":[{"url":"https:\/\/chrislencou-reflexologie.com\/wp-content\/uploads\/2022\/05\/Cabinet-reflexologie-Paris.jpg"}],"twitter_card":"summary_large_image","twitter_misc":{"Dur\u00e9e de lecture est.":"2 minutes"},"schema":{"@context":"https:\/\/schema.org","@graph":[{"@type":"WebSite","@id":"https:\/\/chrislencou-reflexologie.com\/#website","url":"https:\/\/chrislencou-reflexologie.com\/","name":"R\u00e9flexologue","description":"Christelle Lencou","potentialAction":[{"@type":"SearchAction","target":{"@type":"EntryPoint","urlTemplate":"https:\/\/chrislencou-reflexologie.com\/?s={search_term_string}"},"query-input":"required name=search_term_string"}],"inLanguage":"fr-FR"},{"@type":"ImageObject","@id":"https:\/\/chrislencou-reflexologie.com\/index.php\/prendre-rdv-a-paris\/#primaryimage","inLanguage":"fr-FR","url":"https:\/\/chrislencou-reflexologie.com\/wp-content\/uploads\/2022\/05\/Cabinet-reflexologie-Paris.jpg","contentUrl":"https:\/\/chrislencou-reflexologie.com\/wp-content\/uploads\/2022\/05\/Cabinet-reflexologie-Paris.jpg","width":504,"height":322,"caption":"Cabinet r\u00e9flexologie Paris"},{"@type":"WebPage","@id":"https:\/\/chrislencou-reflexologie.com\/index.php\/prendre-rdv-a-paris\/#webpage","url":"https:\/\/chrislencou-reflexologie.com\/index.php\/prendre-rdv-a-paris\/","name":"Cabinet de r\u00e9flexologie plantaire Paris 10\u00e8me (Gare du Nord, M\u00e9tro Bonne Nouvelle, Gare de l\u2019Est, M\u00e9tro R\u00e9publique, H\u00f4pital Lariboisi\u00e8re) - S\u00e9ance de d\u00e9couverte de la r\u00e9flexologie plantaire sur Paris (rendez-vous de r\u00e9flexologie plantaire pris en charge financi\u00e8rement par des mutuelles sant\u00e9 naturelle\/m\u00e9decines douces - Tarifs et RDV | Chrislencou-reflexologie.com","isPartOf":{"@id":"https:\/\/chrislencou-reflexologie.com\/#website"},"primaryImageOfPage":{"@id":"https:\/\/chrislencou-reflexologie.com\/index.php\/prendre-rdv-a-paris\/#primaryimage"},"datePublished":"2022-05-11T20:51:09+00:00","dateModified":"2025-04-07T17:46:38+00:00","description":"Le cabinet de r\u00e9flexologie plantaire de Paris (Paris 10\u00e8me) de Christelle Lencou (praticienne r\u00e9flexologue r\u00e9f\u00e9rente en r\u00e9flexologie plantaire\/gestion du stress et harmonisation des \u00e9motions) est situ\u00e9 au coeur de Paris 10\u00e8me - Christelle Lencou propose une s\u00e9ance de d\u00e9couverte de la r\u00e9flexologie plantaire sur Paris avec un rendez-vous de r\u00e9flexologie plantaire pris en charge financi\u00e8rement par des mutuelles sant\u00e9 naturelle\/m\u00e9decines douces - Ce cabinet de r\u00e9flexologie sur Paris 10e est proche de Paris 9e, Gare du Nord, Paris 11e, M\u00e9tro Bonne Nouvelle, Paris 3e, Gare de l\u2019Est, Paris 4e, M\u00e9tro R\u00e9publique, th\u00e9\u00e2tre de la Porte Saint-Martin, H\u00f4pital Lariboisi\u00e8re, Grands Boulevards Haussmann, Les Invalides, Madeleine\/Op\u00e9ra, Le Marais, Boulevard Magenta) \u2013 Cette r\u00e9flexologue sur Paris d\u00e9veloppe aussi des s\u00e9ances de r\u00e9\u00e9quilibrage physique et \u00e9motionnel avec soulagement des douleurs chroniques\/\u00e9nerg\u00e9tique chinoise (mal de dos, constipation), des troubles circulatoire et lymphatique - Au sein de son cabinet de r\u00e9flexologie plantaire \u00e0 Paris 10\u00e8me, Christelle permet \u00e0 chacun de se r\u00e9\u00e9quilibrer, revitaliser et trouver un nouveau souffle. Consultation des tarifs et des informations de contact du cabinet de r\u00e9flexologie plantaire \u00e0 Paris 10\u00e8me - Au titre d\u2019une \u00e9conomie financi\u00e8re int\u00e9ressante, ces s\u00e9ances de r\u00e9flexologie plantaire sur Paris de Christelle Lencou peuvent \u00eatre prises en charges par diverses mutuelles sant\u00e9. Renseignez vous aupr\u00e8s de votre mutuelle.","breadcrumb":{"@id":"https:\/\/chrislencou-reflexologie.com\/index.php\/prendre-rdv-a-paris\/#breadcrumb"},"inLanguage":"fr-FR","potentialAction":[{"@type":"ReadAction","target":["https:\/\/chrislencou-reflexologie.com\/index.php\/prendre-rdv-a-paris\/"]}]},{"@type":"BreadcrumbList","@id":"https:\/\/chrislencou-reflexologie.com\/index.php\/prendre-rdv-a-paris\/#breadcrumb","itemListElement":[{"@type":"ListItem","position":1,"name":"Accueil","item":"https:\/\/chrislencou-reflexologie.com\/"},{"@type":"ListItem","position":2,"name":"Prendre RDV \u00e0 Paris"}]}]}},"_links":{"self":[{"href":"https:\/\/chrislencou-reflexologie.com\/index.php\/wp-json\/wp\/v2\/pages\/14216"}],"collection":[{"href":"https:\/\/chrislencou-reflexologie.com\/index.php\/wp-json\/wp\/v2\/pages"}],"about":[{"href":"https:\/\/chrislencou-reflexologie.com\/index.php\/wp-json\/wp\/v2\/types\/page"}],"author":[{"embeddable":true,"href":"https:\/\/chrislencou-reflexologie.com\/index.php\/wp-json\/wp\/v2\/users\/1"}],"replies":[{"embeddable":true,"href":"https:\/\/chrislencou-reflexologie.com\/index.php\/wp-json\/wp\/v2\/comments?post=14216"}],"version-history":[{"count":23,"href":"https:\/\/chrislencou-reflexologie.com\/index.php\/wp-json\/wp\/v2\/pages\/14216\/revisions"}],"predecessor-version":[{"id":14861,"href":"https:\/\/chrislencou-reflexologie.com\/index.php\/wp-json\/wp\/v2\/pages\/14216\/revisions\/14861"}],"wp:attachment":[{"href":"https:\/\/chrislencou-reflexologie.com\/index.php\/wp-json\/wp\/v2\/media?parent=14216"}],"curies":[{"name":"wp","href":"https:\/\/api.w.org\/{rel}","templated":true}]}}