{"id":14482,"date":"2023-08-21T18:15:36","date_gmt":"2023-08-21T16:15:36","guid":{"rendered":"https:\/\/chrislencou-reflexologie.com\/?page_id=14482"},"modified":"2023-09-19T21:54:43","modified_gmt":"2023-09-19T19:54:43","slug":"energie-chinoise","status":"publish","type":"page","link":"https:\/\/chrislencou-reflexologie.com\/index.php\/energie-chinoise\/","title":{"rendered":"R\u00e9flexologie plantaire et \u00e9nerg\u00e9tique chinoise"},"content":{"rendered":"<div id=\"cmsmasters_row_\" class=\"cmsmasters_row cmsmasters_color_scheme_default cmsmasters_row_top_default cmsmasters_row_bot_default cmsmasters_row_boxed\">\n<div class=\"cmsmasters_row_outer_parent\">\n<div class=\"cmsmasters_row_outer\">\n<div class=\"cmsmasters_row_inner\">\n<div class=\"cmsmasters_row_margin\">\n<div id=\"cmsmasters_column_\" class=\"cmsmasters_column one_first\">\n<div class=\"cmsmasters_column_inner\"><div class=\"cmsmasters_text\">\n<h2 style=\"text-align: center;\">Equilibre &amp; Harmonie<br \/>\nR\u00e9flexologie plantaire et \u00e9nerg\u00e9tique chinoise<\/h2>\n<\/div>\n<\/div><\/div>\n<\/div>\n<\/div>\n<\/div>\n<\/div>\n<\/div>\n<div id=\"cmsmasters_row_euyahzdnfn\" class=\"cmsmasters_row cmsmasters_color_scheme_default cmsmasters_row_top_default cmsmasters_row_bot_default cmsmasters_row_boxed\">\n<div class=\"cmsmasters_row_outer_parent\">\n<div class=\"cmsmasters_row_outer\">\n<div class=\"cmsmasters_row_inner\">\n<div class=\"cmsmasters_row_margin\">\n<div id=\"cmsmasters_column_mzyu2uj8e9\" class=\"cmsmasters_column one_half\">\n<div class=\"cmsmasters_column_inner\"><div class=\"cmsmasters_text\">\n<h2 style=\"text-align: center;\"><\/h2>\n<p style=\"text-align: center;\">Selon la vision chinoise, ce sont des principes universels qui r\u00e9gissent le macrocosme et le microcosme. Des rythmes et des cycles organisent les mouvements, les changements (saisonniers, cycle de vie\u2026).<\/p>\n<p style=\"text-align: center;\"><strong>L&rsquo;\u00e9nergie vitale et les 5 \u00e9l\u00e9ments<br \/>\n<\/strong>Ces \u00e9volutions se d\u00e9finissent par des phases sp\u00e9cifiques : naissance, croissance, maturit\u00e9, d\u00e9clin et mort, marquant le d\u00e9but d\u2019un nouveau cycle\u2026 tout cela manifest\u00e9 par une \u00e9nergie vitale, <strong>le QI<\/strong>.<br \/>\nCes mouvements \u00e9nerg\u00e9tiques repr\u00e9sent\u00e9s dans la nature sont symbolis\u00e9s par les 5 \u00e9l\u00e9ments\u00a0: Bois, Feu, Terre, M\u00e9tal, Eau.<\/p>\n<\/div>\n<div class=\"cmsmasters_text\">\n<p>&nbsp;<\/p>\n<p style=\"text-align: center;\">L\u2019humain est b\u00e2ti \u00e0 l\u2019image de l\u2019univers.<br \/>\nLes \u00e9l\u00e9ments de la nature se retrouvent dans notre corps. Nous sommes anim\u00e9s des 5 \u00e9l\u00e9ments (Bois, Feu, Terre, M\u00e9tal, Eau). Et notre \u00e9nergie vitale (QI) soutient tant les fonctions du corps que de l&rsquo;esprit : marcher, dig\u00e9rer, penser, ressentir.<\/p>\n<\/div>\n<\/div><\/div>\n<div id=\"cmsmasters_column_46es31v5i7\" class=\"cmsmasters_column one_half\">\n<div class=\"cmsmasters_column_inner\"><div class=\"cmsmasters_img  cmsmasters_image_n\"><img src=\"https:\/\/chrislencou-reflexologie.com\/wp-content\/uploads\/2023\/09\/energie-vitale.jpg\" alt=\"\u00e9nergie vitale et les 5 \u00e9l\u00e9ments\" \/><\/div>\n<\/div><\/div>\n<\/div>\n<\/div>\n<\/div>\n<\/div>\n<\/div>\n<div id=\"cmsmasters_row_zx8ugvypr\" class=\"cmsmasters_row cmsmasters_color_scheme_default cmsmasters_row_top_default cmsmasters_row_bot_default cmsmasters_row_boxed\">\n<div class=\"cmsmasters_row_outer_parent\">\n<div class=\"cmsmasters_row_outer\">\n<div class=\"cmsmasters_row_inner\">\n<div class=\"cmsmasters_row_margin\">\n<div id=\"cmsmasters_column_s9wd9hqe0d\" class=\"cmsmasters_column one_first\">\n<div class=\"cmsmasters_column_inner\">\n<div id=\"cmsmasters_divider_43oflg8fr9\" class=\"cmsmasters_divider cmsmasters_divider_width_long cmsmasters_divider_pos_center\"><\/div>\n<\/div><\/div>\n<\/div>\n<\/div>\n<\/div>\n<\/div>\n<\/div>\n<div id=\"cmsmasters_row_3xxyow7scs\" class=\"cmsmasters_row cmsmasters_color_scheme_default cmsmasters_row_top_default cmsmasters_row_bot_default cmsmasters_row_boxed\">\n<div class=\"cmsmasters_row_outer_parent\">\n<div class=\"cmsmasters_row_outer\">\n<div class=\"cmsmasters_row_inner\">\n<div class=\"cmsmasters_row_margin\">\n<div id=\"cmsmasters_column_en5bddreg\" class=\"cmsmasters_column one_half\">\n<div class=\"cmsmasters_column_inner\"><div class=\"cmsmasters_text\">\n<p>&nbsp;<\/p>\n<p style=\"text-align: center;\"><strong>L\u2019harmonie au sein de la nature d\u00e9pend de l\u2019\u00e9quilibre entre les \u00e9l\u00e9ments.<\/strong><br \/>\n<strong>Il en est de m\u00eame dans notre corps.<\/strong><\/p>\n<p style=\"text-align: center;\">Selon le principe de l\u2019\u00e9nerg\u00e9tique chinoise, les organes, leurs fonctions physiologiques et les \u00e9motions sont interconnect\u00e9s. Tout est en relation.<\/p>\n<p style=\"text-align: center;\">Pour que la sant\u00e9 se maintienne, l&rsquo;harmonie doit r\u00e9sider dans chacun des \u00e9l\u00e9ments de l&rsquo;ensemble, ainsi qu\u2019entre les diff\u00e9rents \u00e9l\u00e9ments.<\/p>\n<p style=\"text-align: center;\">Chaque personne est r\u00e9gie selon un \u00e9quilibre qui lui est propre. Ainsi un m\u00eame sympt\u00f4me (insomnie ou difficult\u00e9 \u00e0 dig\u00e9rer, par exemple) ne rel\u00e8ve pas, a priori, d&rsquo;une m\u00eame cause, mais d&rsquo;un d\u00e9s\u00e9quilibre propre \u00e0 chacune d\u2019elle.<\/p>\n<\/div>\n<\/div><\/div>\n<div id=\"cmsmasters_column_bd00kew8dq\" class=\"cmsmasters_column one_half\">\n<div class=\"cmsmasters_column_inner\"><div class=\"aligncenter\"><div class=\"cmsmasters_img  cmsmasters_image_c\"><img src=\"https:\/\/chrislencou-reflexologie.com\/wp-content\/uploads\/2023\/08\/equilibre-et-harmonie.jpg\" alt=\"Equilibre et harmonie\" \/><\/div><\/div>\n<\/div><\/div>\n<\/div>\n<\/div>\n<\/div>\n<\/div>\n<\/div>\n<div id=\"cmsmasters_row_leony46q6\" class=\"cmsmasters_row cmsmasters_color_scheme_default cmsmasters_row_top_default cmsmasters_row_bot_default cmsmasters_row_boxed\">\n<div class=\"cmsmasters_row_outer_parent\">\n<div class=\"cmsmasters_row_outer\">\n<div class=\"cmsmasters_row_inner\">\n<div class=\"cmsmasters_row_margin\">\n<div id=\"cmsmasters_column_30lpbmb8x\" class=\"cmsmasters_column one_first\">\n<div class=\"cmsmasters_column_inner\">\n<div id=\"cmsmasters_divider_hwxmuypcpr\" class=\"cmsmasters_divider cmsmasters_divider_width_long cmsmasters_divider_pos_center\"><\/div>\n<div class=\"cmsmasters_text\">\n<h2 style=\"text-align: center;\">L\u2019\u00e9nerg\u00e9tique chinoise appliqu\u00e9e \u00e0 la r\u00e9flexologie plantaire<\/h2>\n<p style=\"text-align: center;\">La pratique de la r\u00e9flexologie selon l\u2019\u00e9nerg\u00e9tique chinoise sera d\u2019am\u00e9liorer la circulation du de l\u2019\u00e9nergie vitale (Qi) sur les diff\u00e9rents plans :<br \/>\ndans chacun des \u00e9l\u00e9ments (Bois, Feu, Terre, M\u00e9tal, Eau) et entre les diff\u00e9rents \u00e9l\u00e9ments, aussi bien d\u2019un point de vue physique qu\u2019\u00e9motionnel.<\/p>\n<p style=\"text-align: center;\">Par la stimulation des zones r\u00e9flexes associ\u00e9es aux organes et aux \u00e9l\u00e9ments, la r\u00e9flexologie vise \u00e0 r\u00e9tablir l\u2019\u00e9quilibre et\u00a0remettre en mouvement les 5 \u00e9l\u00e9ments.<br \/>\nL\u2019harmonisation des \u00e9nergies permet au corps de retrouver ces capacit\u00e9s d\u2019autor\u00e9gulation.<\/p>\n<p style=\"text-align: center;\"><strong>\u00ab\u00a0L\u2019homme a cinq organes \u00e9laborant les cinq Souffles qui engendrent la joie, la col\u00e8re, la tristesse, la pens\u00e9e et la peur.\u00a0\u00bb<br \/>\n<\/strong>[4]Huangdi Nei Jing, chapitre 5.<\/p>\n<\/div>\n<\/div><\/div>\n<\/div>\n<\/div>\n<\/div>\n<\/div>\n<\/div>\n\n","protected":false},"excerpt":{"rendered":"","protected":false},"author":1,"featured_media":0,"parent":0,"menu_order":0,"comment_status":"closed","ping_status":"closed","template":"","meta":[],"yoast_head":"<!-- This site is optimized with the Yoast SEO plugin v17.1 - https:\/\/yoast.com\/wordpress\/plugins\/seo\/ -->\n<title>L\u2019\u00e9nerg\u00e9tique chinoise appliqu\u00e9e \u00e0 la r\u00e9flexologie plantaire<\/title>\n<meta name=\"description\" content=\"La pratique de la r\u00e9flexologie selon l\u2019\u00e9nerg\u00e9tique chinoise sera d\u2019am\u00e9liorer la circulation de l\u2019\u00e9nergie vitale (Qi) sur les diff\u00e9rents plans\" \/>\n<meta name=\"robots\" content=\"index, follow, max-snippet:-1, max-image-preview:large, max-video-preview:-1\" \/>\n<link rel=\"canonical\" href=\"https:\/\/chrislencou-reflexologie.com\/index.php\/energie-chinoise\/\" \/>\n<meta property=\"og:locale\" content=\"fr_FR\" \/>\n<meta property=\"og:type\" content=\"article\" \/>\n<meta property=\"og:title\" content=\"L\u2019\u00e9nerg\u00e9tique chinoise appliqu\u00e9e \u00e0 la r\u00e9flexologie plantaire\" \/>\n<meta property=\"og:description\" content=\"La pratique de la r\u00e9flexologie selon l\u2019\u00e9nerg\u00e9tique chinoise sera d\u2019am\u00e9liorer la circulation de l\u2019\u00e9nergie vitale (Qi) sur les diff\u00e9rents plans\" \/>\n<meta property=\"og:url\" content=\"https:\/\/chrislencou-reflexologie.com\/index.php\/energie-chinoise\/\" \/>\n<meta property=\"og:site_name\" content=\"R\u00e9flexologue\" \/>\n<meta property=\"article:modified_time\" content=\"2023-09-19T19:54:43+00:00\" \/>\n<meta name=\"twitter:card\" content=\"summary_large_image\" \/>\n<meta name=\"twitter:label1\" content=\"Dur\u00e9e de lecture est.\" \/>\n\t<meta name=\"twitter:data1\" content=\"3 minutes\" \/>\n<script type=\"application\/ld+json\" class=\"yoast-schema-graph\">{\"@context\":\"https:\/\/schema.org\",\"@graph\":[{\"@type\":\"WebSite\",\"@id\":\"https:\/\/chrislencou-reflexologie.com\/#website\",\"url\":\"https:\/\/chrislencou-reflexologie.com\/\",\"name\":\"R\\u00e9flexologue\",\"description\":\"Christelle Lencou\",\"potentialAction\":[{\"@type\":\"SearchAction\",\"target\":{\"@type\":\"EntryPoint\",\"urlTemplate\":\"https:\/\/chrislencou-reflexologie.com\/?s={search_term_string}\"},\"query-input\":\"required name=search_term_string\"}],\"inLanguage\":\"fr-FR\"},{\"@type\":\"WebPage\",\"@id\":\"https:\/\/chrislencou-reflexologie.com\/index.php\/energie-chinoise\/#webpage\",\"url\":\"https:\/\/chrislencou-reflexologie.com\/index.php\/energie-chinoise\/\",\"name\":\"L\\u2019\\u00e9nerg\\u00e9tique chinoise appliqu\\u00e9e \\u00e0 la r\\u00e9flexologie plantaire\",\"isPartOf\":{\"@id\":\"https:\/\/chrislencou-reflexologie.com\/#website\"},\"datePublished\":\"2023-08-21T16:15:36+00:00\",\"dateModified\":\"2023-09-19T19:54:43+00:00\",\"description\":\"La pratique de la r\\u00e9flexologie selon l\\u2019\\u00e9nerg\\u00e9tique chinoise sera d\\u2019am\\u00e9liorer la circulation de l\\u2019\\u00e9nergie vitale (Qi) sur les diff\\u00e9rents plans\",\"breadcrumb\":{\"@id\":\"https:\/\/chrislencou-reflexologie.com\/index.php\/energie-chinoise\/#breadcrumb\"},\"inLanguage\":\"fr-FR\",\"potentialAction\":[{\"@type\":\"ReadAction\",\"target\":[\"https:\/\/chrislencou-reflexologie.com\/index.php\/energie-chinoise\/\"]}]},{\"@type\":\"BreadcrumbList\",\"@id\":\"https:\/\/chrislencou-reflexologie.com\/index.php\/energie-chinoise\/#breadcrumb\",\"itemListElement\":[{\"@type\":\"ListItem\",\"position\":1,\"name\":\"Accueil\",\"item\":\"https:\/\/chrislencou-reflexologie.com\/\"},{\"@type\":\"ListItem\",\"position\":2,\"name\":\"R\\u00e9flexologie plantaire et \\u00e9nerg\\u00e9tique chinoise\"}]}]}<\/script>\n<!-- \/ Yoast SEO plugin. -->","yoast_head_json":{"title":"L\u2019\u00e9nerg\u00e9tique chinoise appliqu\u00e9e \u00e0 la r\u00e9flexologie plantaire","description":"La pratique de la r\u00e9flexologie selon l\u2019\u00e9nerg\u00e9tique chinoise sera d\u2019am\u00e9liorer la circulation de l\u2019\u00e9nergie vitale (Qi) sur les diff\u00e9rents plans","robots":{"index":"index","follow":"follow","max-snippet":"max-snippet:-1","max-image-preview":"max-image-preview:large","max-video-preview":"max-video-preview:-1"},"canonical":"https:\/\/chrislencou-reflexologie.com\/index.php\/energie-chinoise\/","og_locale":"fr_FR","og_type":"article","og_title":"L\u2019\u00e9nerg\u00e9tique chinoise appliqu\u00e9e \u00e0 la r\u00e9flexologie plantaire","og_description":"La pratique de la r\u00e9flexologie selon l\u2019\u00e9nerg\u00e9tique chinoise sera d\u2019am\u00e9liorer la circulation de l\u2019\u00e9nergie vitale (Qi) sur les diff\u00e9rents plans","og_url":"https:\/\/chrislencou-reflexologie.com\/index.php\/energie-chinoise\/","og_site_name":"R\u00e9flexologue","article_modified_time":"2023-09-19T19:54:43+00:00","twitter_card":"summary_large_image","twitter_misc":{"Dur\u00e9e de lecture est.":"3 minutes"},"schema":{"@context":"https:\/\/schema.org","@graph":[{"@type":"WebSite","@id":"https:\/\/chrislencou-reflexologie.com\/#website","url":"https:\/\/chrislencou-reflexologie.com\/","name":"R\u00e9flexologue","description":"Christelle Lencou","potentialAction":[{"@type":"SearchAction","target":{"@type":"EntryPoint","urlTemplate":"https:\/\/chrislencou-reflexologie.com\/?s={search_term_string}"},"query-input":"required name=search_term_string"}],"inLanguage":"fr-FR"},{"@type":"WebPage","@id":"https:\/\/chrislencou-reflexologie.com\/index.php\/energie-chinoise\/#webpage","url":"https:\/\/chrislencou-reflexologie.com\/index.php\/energie-chinoise\/","name":"L\u2019\u00e9nerg\u00e9tique chinoise appliqu\u00e9e \u00e0 la r\u00e9flexologie plantaire","isPartOf":{"@id":"https:\/\/chrislencou-reflexologie.com\/#website"},"datePublished":"2023-08-21T16:15:36+00:00","dateModified":"2023-09-19T19:54:43+00:00","description":"La pratique de la r\u00e9flexologie selon l\u2019\u00e9nerg\u00e9tique chinoise sera d\u2019am\u00e9liorer la circulation de l\u2019\u00e9nergie vitale (Qi) sur les diff\u00e9rents plans","breadcrumb":{"@id":"https:\/\/chrislencou-reflexologie.com\/index.php\/energie-chinoise\/#breadcrumb"},"inLanguage":"fr-FR","potentialAction":[{"@type":"ReadAction","target":["https:\/\/chrislencou-reflexologie.com\/index.php\/energie-chinoise\/"]}]},{"@type":"BreadcrumbList","@id":"https:\/\/chrislencou-reflexologie.com\/index.php\/energie-chinoise\/#breadcrumb","itemListElement":[{"@type":"ListItem","position":1,"name":"Accueil","item":"https:\/\/chrislencou-reflexologie.com\/"},{"@type":"ListItem","position":2,"name":"R\u00e9flexologie plantaire et \u00e9nerg\u00e9tique chinoise"}]}]}},"_links":{"self":[{"href":"https:\/\/chrislencou-reflexologie.com\/index.php\/wp-json\/wp\/v2\/pages\/14482"}],"collection":[{"href":"https:\/\/chrislencou-reflexologie.com\/index.php\/wp-json\/wp\/v2\/pages"}],"about":[{"href":"https:\/\/chrislencou-reflexologie.com\/index.php\/wp-json\/wp\/v2\/types\/page"}],"author":[{"embeddable":true,"href":"https:\/\/chrislencou-reflexologie.com\/index.php\/wp-json\/wp\/v2\/users\/1"}],"replies":[{"embeddable":true,"href":"https:\/\/chrislencou-reflexologie.com\/index.php\/wp-json\/wp\/v2\/comments?post=14482"}],"version-history":[{"count":33,"href":"https:\/\/chrislencou-reflexologie.com\/index.php\/wp-json\/wp\/v2\/pages\/14482\/revisions"}],"predecessor-version":[{"id":14575,"href":"https:\/\/chrislencou-reflexologie.com\/index.php\/wp-json\/wp\/v2\/pages\/14482\/revisions\/14575"}],"wp:attachment":[{"href":"https:\/\/chrislencou-reflexologie.com\/index.php\/wp-json\/wp\/v2\/media?parent=14482"}],"curies":[{"name":"wp","href":"https:\/\/api.w.org\/{rel}","templated":true}]}}